{"id":7,"date":"2017-09-25T12:08:53","date_gmt":"2017-09-25T12:08:53","guid":{"rendered":"http:\/\/localhost\/wordpress\/?page_id=7"},"modified":"2024-11-28T19:20:26","modified_gmt":"2024-11-28T17:20:26","slug":"homoeopathie","status":"publish","type":"page","link":"https:\/\/xn--homopathie-mlln-btbj.de\/?page_id=7","title":{"rendered":"Therapieformen"},"content":{"rendered":"<p><img loading=\"lazy\" decoding=\"async\" class=\"size-medium wp-image-16 alignright\" src=\"..\/wp-content\/uploads\/2017\/09\/homopathie.jpg\" alt=\"\" width=\"190\" height=\"142\" \/><\/p>\n<div id=\"idTextPanel\" class=\"jqDnR\">\n<h3>Klassische Homo\u00f6pathie<\/h3>\n<p>Die klassische Hom\u00f6opathie wurde 1790 von Samuel Hahnemann entdeckt, weiterentwickelt und 1796 offiziell ver\u00f6ffentlicht. Es handelt sich um ein sanftes Verfahren, das bisweilen etwas Geduld erfordert,\u00a0jedoch ohne sch\u00e4digende Nebeneffekte f\u00fcr den Organismus . Bereits im Kleinkindalter oder sogar w\u00e4hrend der Schwangerschaft kann die Hom\u00f6opathie gut angewendet werden. Hom\u00f6opathische Arzneien werden als Streuk\u00fcgelchen(<strong>Globuli<\/strong>) oder als <strong>Tropfen<\/strong> gegeben. Hom\u00f6opathie regt die Selbstheilungskr\u00e4fte des einzelnen Menschen an. Von Geburt an ist der Mensch mit erstaunlichen\u00a0Mechanismen ausgestattet, die seine Gesundheit sichern sollen, die allerdings auch empfindlich auf Unterdr\u00fcckung, Giftstoffe aus der Umwelt und psychische Belastungen reagieren. Diese Kr\u00e4fte immer wieder zu aktivieren und zu st\u00e4rken ist die Aufgabe der Hom\u00f6opathie.<\/p>\n<h3><strong>Klinische Hom\u00f6opathie<\/strong><\/h3>\n<p>In der <strong>Klinischen Hom\u00f6opathie &#8211; \u00a0einer \u00a0aufwendigen Sonderform der Hom\u00f6opathie &#8211;\u00a0<\/strong>\u00a0werden sowohl die medizinischen Befunde und Laborwerte als auch die anamnestischen Besonderheiten des Patienten miteinander verbunden. Die Darreichung der Arznei kann hier nicht mehr im Bereich der Streuk\u00fcgelchen (Globuli) erfolgen. Die Arznei muss einzeln f\u00fcr den jeweiligen Patienten hergestellt werden.<\/p>\n<h3><span style=\"color: #808080;\"><strong><a style=\"color: #666;\" href=\"https:\/\/xn--homopathie-mlln-btbj.de\/?page_id=24\">Augenakupunktur<\/a> <\/strong><\/span><\/h3>\n<p>Dies ist\u00a0eine Akupunkturtechnik gegen die meisten Augenerkrankungen\u00a0nach Prof. Dr. John Boel. Die Akupunktur erfolgt NICHT an den Augen, sondern an unterschiedlichen Gelenkpunkten des K\u00f6rpers.<\/p>\n<\/div>\n<h3><strong>Akupunktur 2000 Orthop\u00e4die\u00a0\/ Acu Nova<\/strong><\/h3>\n<p>Es handelt sich um neue Akupunkturtechniken nach Prof. Dr. John Boel.\u00a0 Beschwerden werden hier \u00fcber das Nervensystem angesprochen und nicht, wie in der Traditionellen chinesischen Medizin, \u00fcber Meridiane. Die jeweilige Anregung\u00a0 zur Impulsweiterleitung erfolgt \u00fcber die Nervenzellen im Gehirn.<\/p>\n<h3><strong>Koreanische\u00a0Akupunktur<\/strong><\/h3>\n<p>Hier erfolgt die Behandlung im Sitzen, denn bei der Handakupunktur kann jedes Organ oder Gelenk \u00fcber die Hand des Patienten behandelt werden. Die KHA &#8211; Koreanische Handakupunktur &#8211; ist weniger schmerzhaft als die herk\u00f6mmliche Akupunktur und daher auch f\u00fcr Kinder gut geeignet.<\/p>\n<h3><strong>Eigenblut- Bahandlung<\/strong><\/h3>\n<p>Die\u00a0Behandlung erfolgt in Tropfenform, sodass diese bequem zuhause eingenommen werden k\u00f6nnen. \u00dcber die Informationen im Blut des Patienten kann nach dem allopathischen Prinzip ein Reiz ans Immunsystem weitergegeben werden. Das bedeutet, dass im Blut des Patienten alle notwendigen Informationen vorhanden sind, die der K\u00f6rper f\u00fcr eine Ver\u00e4nderung seines Zustandes ben\u00f6tigt.<\/p>\n<h3><strong>PEP-Coaching nach Dr. Michael Bohne<\/strong><\/h3>\n<p>Das Besondere an dieser\u00a0Psychotherapie ist, dass hier bew\u00e4hrte Methoden aus der Psychotherapie mit neuen Komponenten verkn\u00fcpft werden, um somit Blockaden und Hindernisse im Bereich der Psyche zu \u00fcberwinden. \u00a0Hier wird der Patient aktiv beteiligt und &#8222;macht mit&#8220;, anstatt sich nur L\u00f6sungsvorschl\u00e4ge anzuh\u00f6ren. Hier werden psychische Faktoren mit k\u00f6rperlicher Aktivit\u00e4t kombiniert. In der Praxis gliedert sich PEP in Selbstwerttraining, Konfliktbew\u00e4ltigung und Stressbew\u00e4ltigung.<\/p>\n<h3><strong>Therapeutic Touch TT<\/strong><\/h3>\n<p>Es handelt sich um eine sanfte Methode\u00a0von Dr. Dolores Krieger und Dora Kunz, die schon l\u00e4nger\u00a0in Krankenh\u00e4usern\u00a0angewendet wird. Dr. Krieger war Professorin f\u00fcr Krankenpflege an der Universit\u00e4t New York und entwickelte mit ihrer Mentorin Dora Kunz, einer anerkannten Heilerin, Therapeutic Touch f\u00fcr Pflege- und Heilberufe. Die Wirksamkeit von TT ist wissenschaftlich belegt und es wird heute in \u00fcber 70 L\u00e4ndern praktiziert.<\/p>\n<h3>Laborarbeiten<\/h3>\n<p>&nbsp;<\/p>\n<p>&nbsp;<\/p>\n<p>&nbsp;<\/p>\n<p><strong>\u00a0\u00a0\u00a0\u00a0\u00a0\u00a0\u00a0\u00a0\u00a0\u00a0\u00a0\u00a0\u00a0\u00a0\u00a0\u00a0\u00a0\u00a0\u00a0\u00a0\u00a0\u00a0\u00a0\u00a0\u00a0\u00a0\u00a0\u00a0\u00a0\u00a0\u00a0\u00a0\u00a0\u00a0\u00a0\u00a0\u00a0\u00a0\u00a0\u00a0\u00a0\u00a0\u00a0\u00a0\u00a0\u00a0\u00a0\u00a0\u00a0\u00a0\u00a0\u00a0\u00a0\u00a0\u00a0\u00a0\u00a0\u00a0\u00a0\u00a0\u00a0\u00a0\u00a0\u00a0\u00a0\u00a0\u00a0\u00a0\u00a0\u00a0\u00a0\u00a0\u00a0\u00a0\u00a0\u00a0\u00a0\u00a0\u00a0\u00a0\u00a0\u00a0\u00a0\u00a0\u00a0\u00a0\u00a0\u00a0\u00a0\u00a0\u00a0\u00a0\u00a0\u00a0\u00a0\u00a0\u00a0\u00a0\u00a0\u00a0\u00a0\u00a0\u00a0\u00a0\u00a0\u00a0\u00a0\u00a0\u00a0\u00a0\u00a0\u00a0\u00a0\u00a0\u00a0\u00a0\u00a0\u00a0\u00a0\u00a0\u00a0\u00a0\u00a0\u00a0\u00a0\u00a0\u00a0\u00a0\u00a0\u00a0\u00a0\u00a0\u00a0\u00a0\u00a0\u00a0\u00a0\u00a0\u00a0\u00a0\u00a0\u00a0\u00a0\u00a0\u00a0\u00a0\u00a0\u00a0\u00a0\u00a0\u00a0\u00a0\u00a0\u00a0\u00a0\u00a0\u00a0\u00a0\u00a0\u00a0\u00a0\u00a0\u00a0\u00a0\u00a0\u00a0\u00a0\u00a0\u00a0\u00a0\u00a0\u00a0\u00a0\u00a0\u00a0\u00a0\u00a0\u00a0\u00a0\u00a0\u00a0\u00a0\u00a0\u00a0\u00a0\u00a0\u00a0\u00a0\u00a0\u00a0\u00a0\u00a0\u00a0\u00a0\u00a0\u00a0\u00a0\u00a0\u00a0\u00a0\u00a0\u00a0\u00a0\u00a0\u00a0\u00a0\u00a0\u00a0\u00a0\u00a0\u00a0\u00a0\u00a0\u00a0\u00a0\u00a0\u00a0\u00a0\u00a0\u00a0\u00a0\u00a0\u00a0\u00a0\u00a0\u00a0\u00a0\u00a0\u00a0\u00a0\u00a0\u00a0\u00a0\u00a0\u00a0\u00a0\u00a0\u00a0\u00a0\u00a0\u00a0\u00a0\u00a0\u00a0\u00a0\u00a0\u00a0\u00a0\u00a0<\/strong><\/p>\n","protected":false},"excerpt":{"rendered":"<p>Klassische Homo\u00f6pathie Die klassische Hom\u00f6opathie wurde 1790 von Samuel Hahnemann entdeckt, weiterentwickelt und 1796 offiziell ver\u00f6ffentlicht. Es handelt sich um ein sanftes Verfahren, das bisweilen etwas Geduld erfordert,\u00a0jedoch ohne sch\u00e4digende Nebeneffekte f\u00fcr den Organismus . Bereits im Kleinkindalter oder sogar w\u00e4hrend der Schwangerschaft kann die Hom\u00f6opathie gut angewendet werden. Hom\u00f6opathische Arzneien werden als Streuk\u00fcgelchen(Globuli) oder [&hellip;]<\/p>\n","protected":false},"author":1,"featured_media":0,"parent":0,"menu_order":2,"comment_status":"closed","ping_status":"closed","template":"","meta":{"footnotes":""},"class_list":["post-7","page","type-page","status-publish","hentry"],"_links":{"self":[{"href":"https:\/\/xn--homopathie-mlln-btbj.de\/index.php?rest_route=\/wp\/v2\/pages\/7","targetHints":{"allow":["GET"]}}],"collection":[{"href":"https:\/\/xn--homopathie-mlln-btbj.de\/index.php?rest_route=\/wp\/v2\/pages"}],"about":[{"href":"https:\/\/xn--homopathie-mlln-btbj.de\/index.php?rest_route=\/wp\/v2\/types\/page"}],"author":[{"embeddable":true,"href":"https:\/\/xn--homopathie-mlln-btbj.de\/index.php?rest_route=\/wp\/v2\/users\/1"}],"replies":[{"embeddable":true,"href":"https:\/\/xn--homopathie-mlln-btbj.de\/index.php?rest_route=%2Fwp%2Fv2%2Fcomments&post=7"}],"version-history":[{"count":14,"href":"https:\/\/xn--homopathie-mlln-btbj.de\/index.php?rest_route=\/wp\/v2\/pages\/7\/revisions"}],"predecessor-version":[{"id":202,"href":"https:\/\/xn--homopathie-mlln-btbj.de\/index.php?rest_route=\/wp\/v2\/pages\/7\/revisions\/202"}],"wp:attachment":[{"href":"https:\/\/xn--homopathie-mlln-btbj.de\/index.php?rest_route=%2Fwp%2Fv2%2Fmedia&parent=7"}],"curies":[{"name":"wp","href":"https:\/\/api.w.org\/{rel}","templated":true}]}}