{"id":30,"date":"2017-09-26T12:14:43","date_gmt":"2017-09-26T12:14:43","guid":{"rendered":"http:\/\/localhost\/wordpress\/?page_id=30"},"modified":"2020-09-02T19:51:43","modified_gmt":"2020-09-02T17:51:43","slug":"ausbildung","status":"publish","type":"page","link":"https:\/\/xn--homopathie-mlln-btbj.de\/?page_id=30","title":{"rendered":"Ausbildung"},"content":{"rendered":"<h2><\/h2>\n<h2>Heilpraktiker-Ausbildung 2021<\/h2>\n<p><strong>Ausbildung: <\/strong>Die Ausbildung zum\u00a0 Heilpraktiker findet in M\u00f6lln statt und dauert <strong>29 Monate. <\/strong>Sie bef\u00e4higt zur Teilnahme an der \u00dcberpr\u00fcfung durch das Gesundheitsamt im jeweils zust\u00e4ndigen Bundesland des Sch\u00fclers. Der Unterricht findet in kleinen Gruppen statt.\u00a0ca 6-9 Monate vor den jeweiligen Pr\u00fcfungen wird ein intensives Vorbereitungstraining angeboten, das speziell auf die Pr\u00fcfung im jeweiligen Bundesland abgestimmt ist.<\/p>\n<p>In dieser Ausbildung werde die schulmedizinischen Grundlagen vermittelt, die Sie ben\u00f6tigen, um eine korrekte Diagnose erstellen zu k\u00f6nnen. Dazu geh\u00f6ren die Anatomie, die Physiologie und die Pathologie. Zus\u00e4tzlich k\u00f6nnen Sie in Bereiche wie\u00a0Hom\u00f6opathie, Akupunktur und Sonderakupunkturformen, energetisches Heilen, Laborarbeiten und Blutentnahme und andere Themen nach Wunsch &#8222;schnuppern&#8220;.<\/p>\n<p>Vor der m\u00fcndlichen Pr\u00fcfung haben Sie die M\u00f6glichkeit, sich in Einzel- oder Gruppenunterricht auf das freie Sprechen vor den Pr\u00fcfern vorzubereiten.<\/p>\n<h3><strong><em>Termin f\u00fcr den neuen Kurs Heilpraktikerausbildung :<\/em><\/strong><\/h3>\n<h3><strong>Einstieg in den laufenden Kurs jederzeit m\u00f6glich<\/strong><\/h3>\n<h3><strong>Unterricht jeweils 1 x w\u00f6chentlich nachmittags<\/strong><\/h3>\n<p>F\u00fcr den Kurs betragen die monatlichen Kosten 190 \u20ac.<\/p>\n<p>Ich arbeite sehr gern in kleinen , intensiven Gruppen. Daher ist die Teilnehmerzahl begrenzt. Eine Anmeldung ist daher dringend erforderlich.<\/p>\n<p>Weitere Ausk\u00fcnfte gern auf telefonische Anfrage\u00a0 : \u00a0 \u00a0 \u00a0 <strong>\u00a0<\/strong><strong>04542-869 4370<\/strong><\/p>\n","protected":false},"excerpt":{"rendered":"<p>Heilpraktiker-Ausbildung 2021 Ausbildung: Die Ausbildung zum\u00a0 Heilpraktiker findet in M\u00f6lln statt und dauert 29 Monate. Sie bef\u00e4higt zur Teilnahme an der \u00dcberpr\u00fcfung durch das Gesundheitsamt im jeweils zust\u00e4ndigen Bundesland des Sch\u00fclers. Der Unterricht findet in kleinen Gruppen statt.\u00a0ca 6-9 Monate vor den jeweiligen Pr\u00fcfungen wird ein intensives Vorbereitungstraining angeboten, das speziell auf die Pr\u00fcfung im [&hellip;]<\/p>\n","protected":false},"author":1,"featured_media":0,"parent":0,"menu_order":6,"comment_status":"closed","ping_status":"closed","template":"","meta":{"footnotes":""},"class_list":["post-30","page","type-page","status-publish","hentry"],"_links":{"self":[{"href":"https:\/\/xn--homopathie-mlln-btbj.de\/index.php?rest_route=\/wp\/v2\/pages\/30","targetHints":{"allow":["GET"]}}],"collection":[{"href":"https:\/\/xn--homopathie-mlln-btbj.de\/index.php?rest_route=\/wp\/v2\/pages"}],"about":[{"href":"https:\/\/xn--homopathie-mlln-btbj.de\/index.php?rest_route=\/wp\/v2\/types\/page"}],"author":[{"embeddable":true,"href":"https:\/\/xn--homopathie-mlln-btbj.de\/index.php?rest_route=\/wp\/v2\/users\/1"}],"replies":[{"embeddable":true,"href":"https:\/\/xn--homopathie-mlln-btbj.de\/index.php?rest_route=%2Fwp%2Fv2%2Fcomments&post=30"}],"version-history":[{"count":10,"href":"https:\/\/xn--homopathie-mlln-btbj.de\/index.php?rest_route=\/wp\/v2\/pages\/30\/revisions"}],"predecessor-version":[{"id":178,"href":"https:\/\/xn--homopathie-mlln-btbj.de\/index.php?rest_route=\/wp\/v2\/pages\/30\/revisions\/178"}],"wp:attachment":[{"href":"https:\/\/xn--homopathie-mlln-btbj.de\/index.php?rest_route=%2Fwp%2Fv2%2Fmedia&parent=30"}],"curies":[{"name":"wp","href":"https:\/\/api.w.org\/{rel}","templated":true}]}}