{"id":26,"date":"2017-09-26T12:13:24","date_gmt":"2017-09-26T12:13:24","guid":{"rendered":"http:\/\/localhost\/wordpress\/?page_id=26"},"modified":"2022-09-09T01:19:59","modified_gmt":"2022-09-08T23:19:59","slug":"coaching-selbstwerttraining","status":"publish","type":"page","link":"https:\/\/xn--homopathie-mlln-btbj.de\/?page_id=26","title":{"rendered":"Indikationen \/Erkrankungen"},"content":{"rendered":"<p><strong>Hier finden Sie eine \u00dcbersicht der meisten in meiner Praxis behandelten Erkrankungen:<\/strong><\/p>\n<p>Atemwegserkrankungen<br \/>\nAugenerkrankungen (Grauer Star, Glaukom &#8211; Gr\u00fcner Star &#8211; , Retinitis pigmentosa, Altersweitsichtigkeit, F\u00e4llen von Erblindung, AMD &#8211; Makuladegeneration &#8211; , Augeninfarkt )<\/p>\n<p>Allergien<\/p>\n<p>AMD (altersbedingte Makuladegeneration )<\/p>\n<p>Angstzust\u00e4nde<\/p>\n<p>Bandscheibenvorfall, -vorw\u00f6lbung<\/p>\n<p>Blasenerkrankungen<\/p>\n<p>Borreliose<\/p>\n<p>BWS (Brustwirbels\u00e4ulen) erkrankungen<br \/>\nCFS chronisches M\u00fcdigkeit Syndrom<\/p>\n<p>Chronische Schmerzzust\u00e4nde<\/p>\n<p>Colitis ulcerosa<br \/>\nDepressive Verstimmungen<\/p>\n<p>Depressionen<br \/>\nDurchblutungsst\u00f6rungen<\/p>\n<p>Fersensporn<\/p>\n<p>Frauenleiden<\/p>\n<p>Glaukom (Augeninnendruckerh\u00f6hung )<\/p>\n<p>Hauterkrankungen, Neurodermitis, Ekzeme<br \/>\nHerz-Kreislauferkrankungen<\/p>\n<p>H\u00f6rsturz<\/p>\n<p>HWS-Erkrankungen (Halswirbels\u00e4ule)<br \/>\nInfektanf\u00e4lligkeit , Grippale Infekte u.a.<br \/>\nKopfschmerzen<\/p>\n<p>Krebserkrankungen &#8211; Begleitende Verfahren &#8211;<\/p>\n<p>Kurzsichtigkeit<\/p>\n<p>LWS Lendenwirbels\u00e4ulenerkrankungen<br \/>\nMagen- und Darmbeschwerden<\/p>\n<p>Makuladegeneration<\/p>\n<p>Morbus Crohn<\/p>\n<p>Migr\u00e4ne<\/p>\n<p>Nackenprobleme<\/p>\n<p>Netzhauterkrankungen<br \/>\nNierenerkrankungen<\/p>\n<p>Orthop\u00e4dische Erkrankungen<\/p>\n<p>Phobien<br \/>\nPilzerkrankungen<br \/>\nRegelbeschwerden<\/p>\n<p>Retinitis Pigmentosa<br \/>\nSehst\u00f6rungen unterschiedlicher Art<\/p>\n<p>Schlaganfall (Apoplex)<\/p>\n<p>Schleudertrauma<\/p>\n<p>Schmerzzust\u00e4nde<\/p>\n<p>Schulterprobleme<br \/>\nSchuppenflechte<br \/>\nSchlafst\u00f6rungen<\/p>\n<p>Stenosen<br \/>\nStress<br \/>\nSchwindel<\/p>\n<p>Thrombose<br \/>\nTinnitus<\/p>\n<p>\u00dcbers\u00e4uerung<br \/>\n\u00dcbergewicht<\/p>\n<p>Unterleibsbeschwerden<\/p>\n<p>Viruserkrankungen\u00a0 &#8211; Grippale Infekte u.a. &#8211;<br \/>\nWarzen<\/p>\n<p>Weitsichtigkeit<\/p>\n<p>Diese Liste erhebt keinen Anspruch auf Vollst\u00e4ndigkeit. Wenn\u00a0Sie \u00a0Ihre Erkrankung hier nicht finden, rufen Sie uns bitte in der Praxis an.<\/p>\n<p>Heilpraktikerin Susanne Wittrock,\u00a0 Gollnower Str. 26,\u00a0\u00a0 23879 M\u00f6lln,\u00a0 Tel: 04542 &#8211; 869 43 70<\/p>\n","protected":false},"excerpt":{"rendered":"<p>Hier finden Sie eine \u00dcbersicht der meisten in meiner Praxis behandelten Erkrankungen: Atemwegserkrankungen Augenerkrankungen (Grauer Star, Glaukom &#8211; Gr\u00fcner Star &#8211; , Retinitis pigmentosa, Altersweitsichtigkeit, F\u00e4llen von Erblindung, AMD &#8211; Makuladegeneration &#8211; , Augeninfarkt ) Allergien AMD (altersbedingte Makuladegeneration ) Angstzust\u00e4nde Bandscheibenvorfall, -vorw\u00f6lbung Blasenerkrankungen Borreliose BWS (Brustwirbels\u00e4ulen) erkrankungen CFS chronisches M\u00fcdigkeit Syndrom Chronische Schmerzzust\u00e4nde Colitis [&hellip;]<\/p>\n","protected":false},"author":1,"featured_media":0,"parent":0,"menu_order":4,"comment_status":"closed","ping_status":"closed","template":"","meta":{"footnotes":""},"class_list":["post-26","page","type-page","status-publish","hentry"],"_links":{"self":[{"href":"https:\/\/xn--homopathie-mlln-btbj.de\/index.php?rest_route=\/wp\/v2\/pages\/26","targetHints":{"allow":["GET"]}}],"collection":[{"href":"https:\/\/xn--homopathie-mlln-btbj.de\/index.php?rest_route=\/wp\/v2\/pages"}],"about":[{"href":"https:\/\/xn--homopathie-mlln-btbj.de\/index.php?rest_route=\/wp\/v2\/types\/page"}],"author":[{"embeddable":true,"href":"https:\/\/xn--homopathie-mlln-btbj.de\/index.php?rest_route=\/wp\/v2\/users\/1"}],"replies":[{"embeddable":true,"href":"https:\/\/xn--homopathie-mlln-btbj.de\/index.php?rest_route=%2Fwp%2Fv2%2Fcomments&post=26"}],"version-history":[{"count":15,"href":"https:\/\/xn--homopathie-mlln-btbj.de\/index.php?rest_route=\/wp\/v2\/pages\/26\/revisions"}],"predecessor-version":[{"id":191,"href":"https:\/\/xn--homopathie-mlln-btbj.de\/index.php?rest_route=\/wp\/v2\/pages\/26\/revisions\/191"}],"wp:attachment":[{"href":"https:\/\/xn--homopathie-mlln-btbj.de\/index.php?rest_route=%2Fwp%2Fv2%2Fmedia&parent=26"}],"curies":[{"name":"wp","href":"https:\/\/api.w.org\/{rel}","templated":true}]}}