{"id":24,"date":"2017-09-26T12:02:10","date_gmt":"2017-09-26T12:02:10","guid":{"rendered":"http:\/\/localhost\/wordpress\/?page_id=24"},"modified":"2018-01-15T13:39:41","modified_gmt":"2018-01-15T11:39:41","slug":"akupunktur-preise","status":"publish","type":"page","link":"https:\/\/xn--homopathie-mlln-btbj.de\/?page_id=24","title":{"rendered":"Augenakupunktur"},"content":{"rendered":"<p><img loading=\"lazy\" decoding=\"async\" class=\"size-medium wp-image-16 alignright\" src=\"..\/wp-content\/uploads\/2017\/09\/akupunktur.jpg\" alt=\"\" width=\"163\" height=\"122\" \/><\/p>\n<h2>Augenakupunktur nach\u00a0 Prof. Dr. Boel<\/h2>\n<p>Was ist denn das ??<\/p>\n<p><strong>Vorweg : NEIN, es wird nicht direkt in das Auge akupunktiert !<\/strong><\/p>\n<p>Die Augenakupunktur nach Prof. Dr. Boel\u00a0 ist\u00a0eine neue Methode, die der Professor aus unterschiedlichen Akupunktursystemen und eigenen, \u00a0jahrelangen Forschungen entwickelt hat. Diese Akupunktur unterscheidet sich von allen anderen Systemen . Die\u00a0Weiterleitung der Impulse\u00a0wird nicht \u00fcber Meridiane, sondern \u00fcber das Nervensystem erzielt.\u00a0Anschlie\u00dfend werden die erreichten Ergebnisse\u00a0in den \u00a0Nervenzellen im Gehirn gespeichert.<\/p>\n<p>Ich habe die Augenakupunktur im Jahr 2012 bei Prof. Boel erlernt und \u00fcber mehrere Jahre immer wieder bei ihm aktualisiert. In meiner Praxis kombiniere ich diese Methode mit Klassischer Hom\u00f6opathie und \/oder anderen Akupunkturmethoden &#8211; so auch der Sch\u00e4delakupunktur nach Yamamoto.<\/p>\n<p>Die Akupunkturpunkte befinden sich z.T. am Kopf, an den H\u00e4nden und F\u00fc\u00dfen, aber auch an unterschiedlichen Gelenken, je nach Notwendigkeit. <strong>Nur NICHT in den Augen !<\/strong><\/p>\n<ul>\n<li>Zu Beginn steht eine ausf\u00fchrliche Fallaufnahme und verschiedene Sehtests.<\/li>\n<li>Danach erfolgt die Akupunktur, 2\u00a0x\u00a0 pro Tag mit einer Pause zwischendurch. \u00a0(zwischen 10 und 16 Akupunkturbehandlungen)<\/li>\n<li>Danach werden weitere Sehtests und ev. Augenhintergrundaufnahmen durchgef\u00fchrt<\/li>\n<li>Die weitere Behandlung erfolgt je nach Notwendigkeit nach dem Konzept der Augenakupunktur<\/li>\n<li>Danach erfolgt eine Erhaltungsakupunktur mit weiteren Sehtests.<\/li>\n<\/ul>\n<p>&nbsp;<\/p>\n<p>Informieren Sie sich gern ausf\u00fchrlicher in der Praxis.<\/p>\n<p>&nbsp;<\/p>\n<p>&nbsp;<\/p>\n<p>&nbsp;<\/p>\n<hr \/>\n<p>&nbsp;<\/p>\n<p><strong>\u00a0<\/strong><\/p>\n<p><strong><br \/>\n<\/strong><\/p>\n<p>&nbsp;<\/p>\n<p>&nbsp;<\/p>\n<hr \/>\n<p>&nbsp;<\/p>\n<p>&nbsp;<\/p>\n<p>&nbsp;<\/p>\n<p>&nbsp;<\/p>\n<p>&nbsp;<\/p>\n","protected":false},"excerpt":{"rendered":"<p>Augenakupunktur nach\u00a0 Prof. Dr. Boel Was ist denn das ?? Vorweg : NEIN, es wird nicht direkt in das Auge akupunktiert ! Die Augenakupunktur nach Prof. Dr. Boel\u00a0 ist\u00a0eine neue Methode, die der Professor aus unterschiedlichen Akupunktursystemen und eigenen, \u00a0jahrelangen Forschungen entwickelt hat. Diese Akupunktur unterscheidet sich von allen anderen Systemen . Die\u00a0Weiterleitung der Impulse\u00a0wird [&hellip;]<\/p>\n","protected":false},"author":1,"featured_media":0,"parent":0,"menu_order":3,"comment_status":"closed","ping_status":"closed","template":"","meta":{"footnotes":""},"class_list":["post-24","page","type-page","status-publish","hentry"],"_links":{"self":[{"href":"https:\/\/xn--homopathie-mlln-btbj.de\/index.php?rest_route=\/wp\/v2\/pages\/24","targetHints":{"allow":["GET"]}}],"collection":[{"href":"https:\/\/xn--homopathie-mlln-btbj.de\/index.php?rest_route=\/wp\/v2\/pages"}],"about":[{"href":"https:\/\/xn--homopathie-mlln-btbj.de\/index.php?rest_route=\/wp\/v2\/types\/page"}],"author":[{"embeddable":true,"href":"https:\/\/xn--homopathie-mlln-btbj.de\/index.php?rest_route=\/wp\/v2\/users\/1"}],"replies":[{"embeddable":true,"href":"https:\/\/xn--homopathie-mlln-btbj.de\/index.php?rest_route=%2Fwp%2Fv2%2Fcomments&post=24"}],"version-history":[{"count":16,"href":"https:\/\/xn--homopathie-mlln-btbj.de\/index.php?rest_route=\/wp\/v2\/pages\/24\/revisions"}],"predecessor-version":[{"id":147,"href":"https:\/\/xn--homopathie-mlln-btbj.de\/index.php?rest_route=\/wp\/v2\/pages\/24\/revisions\/147"}],"wp:attachment":[{"href":"https:\/\/xn--homopathie-mlln-btbj.de\/index.php?rest_route=%2Fwp%2Fv2%2Fmedia&parent=24"}],"curies":[{"name":"wp","href":"https:\/\/api.w.org\/{rel}","templated":true}]}}