{"id":2,"date":"2017-09-25T10:24:30","date_gmt":"2017-09-25T10:24:30","guid":{"rendered":"http:\/?page_id=2"},"modified":"2019-03-12T21:44:26","modified_gmt":"2019-03-12T19:44:26","slug":"sample-page","status":"publish","type":"page","link":"https:\/\/xn--homopathie-mlln-btbj.de\/","title":{"rendered":"Home"},"content":{"rendered":"<p><img loading=\"lazy\" decoding=\"async\" class=\"size-medium wp-image-16 alignright\" src=\"..\/wp-content\/uploads\/2019\/03\/FotoWittrockSusanne.JPG\" alt=\"\" width=\"122\" height=\"162\"><\/p>\n<h2>Sehr geehrte Patienten,<\/h2>\n<p>willkommen auf den Seiten der Praxis f\u00fcr Hom\u00f6opathie in M\u00f6lln. Auf diesen Seiten m\u00f6chte ich <a href=\"http:\/\/hom\u00f6opathie-m\u00f6lln.de\/?page_id=5\">mich <\/a>und meine Arbeit&nbsp; vorstellen. Wenn &nbsp;Sie spezielle Fragen haben, k\u00f6nnen Sie mich gern in der Praxis anrufen. Kann ich Ihren Anruf nicht entgegen nehmen, rufe ich Sie gern zur\u00fcck.<\/p>\n<p>Die Termine in der Praxis werden individuell vereinbart. Auf Wunsch f\u00fchre ich auch Hausbesuche durch. Ich freue mich auf Ihren Anruf.<\/p>\n<h4>Ihre Susanne Wittrock<\/h4>\n<p><strong>Praxis f\u00fcr Hom\u00f6opathie M\u00f6lln<\/strong><\/p>\n<p><strong>Susanne Wittrock<\/strong><br \/>\n<strong> Gollnower Str. 26<\/strong><br \/>\n<strong> 23879 M\u00f6lln<\/strong><\/p>\n<p><strong>Tel.: 04542 \u2013 869 4370<\/strong><\/p>\n<p>Bitte vereinbaren Sie Termine <strong>NUR<\/strong> \u00fcber das oben genannte Praxis-Telefon. Andere Mitteilungen k\u00f6nnen nicht ber\u00fccksichtigt werden.<\/p>\n","protected":false},"excerpt":{"rendered":"<p>Sehr geehrte Patienten, willkommen auf den Seiten der Praxis f\u00fcr Hom\u00f6opathie in M\u00f6lln. Auf diesen Seiten m\u00f6chte ich mich und meine Arbeit&nbsp; vorstellen. Wenn &nbsp;Sie spezielle Fragen haben, k\u00f6nnen Sie mich gern in der Praxis anrufen. Kann ich Ihren Anruf nicht entgegen nehmen, rufe ich Sie gern zur\u00fcck. Die Termine in der Praxis werden individuell [&hellip;]<\/p>\n","protected":false},"author":1,"featured_media":0,"parent":0,"menu_order":0,"comment_status":"closed","ping_status":"open","template":"","meta":{"footnotes":""},"class_list":["post-2","page","type-page","status-publish","hentry"],"_links":{"self":[{"href":"https:\/\/xn--homopathie-mlln-btbj.de\/index.php?rest_route=\/wp\/v2\/pages\/2","targetHints":{"allow":["GET"]}}],"collection":[{"href":"https:\/\/xn--homopathie-mlln-btbj.de\/index.php?rest_route=\/wp\/v2\/pages"}],"about":[{"href":"https:\/\/xn--homopathie-mlln-btbj.de\/index.php?rest_route=\/wp\/v2\/types\/page"}],"author":[{"embeddable":true,"href":"https:\/\/xn--homopathie-mlln-btbj.de\/index.php?rest_route=\/wp\/v2\/users\/1"}],"replies":[{"embeddable":true,"href":"https:\/\/xn--homopathie-mlln-btbj.de\/index.php?rest_route=%2Fwp%2Fv2%2Fcomments&post=2"}],"version-history":[{"count":14,"href":"https:\/\/xn--homopathie-mlln-btbj.de\/index.php?rest_route=\/wp\/v2\/pages\/2\/revisions"}],"predecessor-version":[{"id":184,"href":"https:\/\/xn--homopathie-mlln-btbj.de\/index.php?rest_route=\/wp\/v2\/pages\/2\/revisions\/184"}],"wp:attachment":[{"href":"https:\/\/xn--homopathie-mlln-btbj.de\/index.php?rest_route=%2Fwp%2Fv2%2Fmedia&parent=2"}],"curies":[{"name":"wp","href":"https:\/\/api.w.org\/{rel}","templated":true}]}}